{"id":1972,"date":"2022-12-02T17:22:58","date_gmt":"2022-12-02T17:22:58","guid":{"rendered":"http:\/\/www.brasil.morere.eu\/?page_id=1972"},"modified":"2023-04-24T16:54:23","modified_gmt":"2023-04-24T16:54:23","slug":"para-ler-o-blog-em-portugues-o-outro-idioma","status":"publish","type":"page","link":"http:\/\/www.brasil.morere.eu\/?page_id=1972","title":{"rendered":"Para ler o blog em portugues (o outro idioma)"},"content":{"rendered":"\n<p><strong>Important :<\/strong> vous devez utiliser le navigateur  <strong>Google Chrome<\/strong> afin de profiter des fonctionnalit\u00e9s de traduction automatique.<\/p>\n\n\n\n<p><strong>Importante:<\/strong> Voc\u00ea deve usar o navegador <strong>Google Chrome<\/strong> para tirar proveito dos recursos de tradu\u00e7\u00e3o autom\u00e1tica.<\/p>\n\n\n\n<p><strong>Important:<\/strong> You must use the <strong>Google Chrome<\/strong> browser to take advantage of the automatic translation features.<\/p>\n\n\n\n<figure class=\"wp-block-video\"><video height=\"1072\" style=\"aspect-ratio: 1912 \/ 1072;\" width=\"1912\" controls src=\"http:\/\/www.brasil.morere.eu\/wp-content\/uploads\/2023\/04\/chrome.webm\"><\/video><\/figure>\n\n\n\n<p>e voila!<\/p>\n<div class=\"remoji_bar\"><div class=\"remoji_add_container\" data-remoji-id=\"1972\" data-remoji-type=\"post\"><div class=\"remoji_add_icon\"><\/div><\/div><div class=\"remoji_error_bar\" data-remoji-id=\"1972\" data-remoji-type=\"post\" style=\"display: none;\">Error happened.<\/div><\/div>","protected":false},"excerpt":{"rendered":"<p>Important : vous devez utiliser le navigateur Google Chrome afin de profiter des fonctionnalit\u00e9s de traduction automatique. Importante: Voc\u00ea deve usar o navegador Google Chrome para tirar proveito dos recursos de tradu\u00e7\u00e3o autom\u00e1tica. Important: You must use the Google Chrome browser to take advantage of the automatic translation features. e voila! Error happened.<\/p>\n","protected":false},"author":1,"featured_media":0,"parent":0,"menu_order":0,"comment_status":"closed","ping_status":"closed","template":"","meta":{"footnotes":""},"class_list":["post-1972","page","type-page","status-publish","hentry"],"yoast_head":"<!-- This site is optimized with the Yoast SEO plugin v24.0 - https:\/\/yoast.com\/wordpress\/plugins\/seo\/ -->\n<title>Para ler o blog em portugues (o outro idioma) - Visita de trabalho ao Brasil ;-)<\/title>\n<meta name=\"robots\" content=\"index, follow, max-snippet:-1, max-image-preview:large, max-video-preview:-1\" \/>\n<link rel=\"canonical\" href=\"http:\/\/www.brasil.morere.eu\/?page_id=1972\" \/>\n<meta property=\"og:locale\" content=\"fr_FR\" \/>\n<meta property=\"og:type\" content=\"article\" \/>\n<meta property=\"og:title\" content=\"Para ler o blog em portugues (o outro idioma) - Visita de trabalho ao Brasil ;-)\" \/>\n<meta property=\"og:description\" content=\"Important : vous devez utiliser le navigateur Google Chrome afin de profiter des fonctionnalit\u00e9s de traduction automatique. Importante: Voc\u00ea deve usar o navegador Google Chrome para tirar proveito dos recursos de tradu\u00e7\u00e3o autom\u00e1tica. Important: You must use the Google Chrome browser to take advantage of the automatic translation features. e voila! Error happened.\" \/>\n<meta property=\"og:url\" content=\"http:\/\/www.brasil.morere.eu\/?page_id=1972\" \/>\n<meta property=\"og:site_name\" content=\"Visita de trabalho ao Brasil ;-)\" \/>\n<meta property=\"article:modified_time\" content=\"2023-04-24T16:54:23+00:00\" \/>\n<meta name=\"twitter:card\" content=\"summary_large_image\" \/>\n<meta name=\"twitter:label1\" content=\"Dur\u00e9e de lecture estim\u00e9e\" \/>\n\t<meta name=\"twitter:data1\" content=\"1 minute\" \/>\n<script type=\"application\/ld+json\" class=\"yoast-schema-graph\">{\"@context\":\"https:\/\/schema.org\",\"@graph\":[{\"@type\":\"WebPage\",\"@id\":\"http:\/\/www.brasil.morere.eu\/?page_id=1972\",\"url\":\"http:\/\/www.brasil.morere.eu\/?page_id=1972\",\"name\":\"Para ler o blog em portugues (o outro idioma) - Visita de trabalho ao Brasil ;-)\",\"isPartOf\":{\"@id\":\"http:\/\/www.brasil.morere.eu\/#website\"},\"datePublished\":\"2022-12-02T17:22:58+00:00\",\"dateModified\":\"2023-04-24T16:54:23+00:00\",\"breadcrumb\":{\"@id\":\"http:\/\/www.brasil.morere.eu\/?page_id=1972#breadcrumb\"},\"inLanguage\":\"fr-FR\",\"potentialAction\":[{\"@type\":\"ReadAction\",\"target\":[\"http:\/\/www.brasil.morere.eu\/?page_id=1972\"]}]},{\"@type\":\"BreadcrumbList\",\"@id\":\"http:\/\/www.brasil.morere.eu\/?page_id=1972#breadcrumb\",\"itemListElement\":[{\"@type\":\"ListItem\",\"position\":1,\"name\":\"Accueil\",\"item\":\"http:\/\/www.brasil.morere.eu\/\"},{\"@type\":\"ListItem\",\"position\":2,\"name\":\"Para ler o blog em portugues (o outro idioma)\"}]},{\"@type\":\"WebSite\",\"@id\":\"http:\/\/www.brasil.morere.eu\/#website\",\"url\":\"http:\/\/www.brasil.morere.eu\/\",\"name\":\"Visita de trabalho ao Brasil ;-)\",\"description\":\"Visita de trabalho ao Brasil, UFU, Uberl\u00e2ndia\",\"publisher\":{\"@id\":\"http:\/\/www.brasil.morere.eu\/#\/schema\/person\/bbc8701c40f53efc704a0d09830d5c5d\"},\"potentialAction\":[{\"@type\":\"SearchAction\",\"target\":{\"@type\":\"EntryPoint\",\"urlTemplate\":\"http:\/\/www.brasil.morere.eu\/?s={search_term_string}\"},\"query-input\":{\"@type\":\"PropertyValueSpecification\",\"valueRequired\":true,\"valueName\":\"search_term_string\"}}],\"inLanguage\":\"fr-FR\"},{\"@type\":[\"Person\",\"Organization\"],\"@id\":\"http:\/\/www.brasil.morere.eu\/#\/schema\/person\/bbc8701c40f53efc704a0d09830d5c5d\",\"name\":\"yann\",\"image\":{\"@type\":\"ImageObject\",\"inLanguage\":\"fr-FR\",\"@id\":\"http:\/\/www.brasil.morere.eu\/#\/schema\/person\/image\/\",\"url\":\"http:\/\/www.brasil.morere.eu\/wp-content\/uploads\/2021\/12\/yannSpain.jpg\",\"contentUrl\":\"http:\/\/www.brasil.morere.eu\/wp-content\/uploads\/2021\/12\/yannSpain.jpg\",\"width\":240,\"height\":265,\"caption\":\"yann\"},\"logo\":{\"@id\":\"http:\/\/www.brasil.morere.eu\/#\/schema\/person\/image\/\"},\"sameAs\":[\"http:\/\/www.morere.eu\"]}]}<\/script>\n<!-- \/ Yoast SEO plugin. -->","yoast_head_json":{"title":"Para ler o blog em portugues (o outro idioma) - Visita de trabalho ao Brasil ;-)","robots":{"index":"index","follow":"follow","max-snippet":"max-snippet:-1","max-image-preview":"max-image-preview:large","max-video-preview":"max-video-preview:-1"},"canonical":"http:\/\/www.brasil.morere.eu\/?page_id=1972","og_locale":"fr_FR","og_type":"article","og_title":"Para ler o blog em portugues (o outro idioma) - Visita de trabalho ao Brasil ;-)","og_description":"Important : vous devez utiliser le navigateur Google Chrome afin de profiter des fonctionnalit\u00e9s de traduction automatique. Importante: Voc\u00ea deve usar o navegador Google Chrome para tirar proveito dos recursos de tradu\u00e7\u00e3o autom\u00e1tica. Important: You must use the Google Chrome browser to take advantage of the automatic translation features. e voila! Error happened.","og_url":"http:\/\/www.brasil.morere.eu\/?page_id=1972","og_site_name":"Visita de trabalho ao Brasil ;-)","article_modified_time":"2023-04-24T16:54:23+00:00","twitter_card":"summary_large_image","twitter_misc":{"Dur\u00e9e de lecture estim\u00e9e":"1 minute"},"schema":{"@context":"https:\/\/schema.org","@graph":[{"@type":"WebPage","@id":"http:\/\/www.brasil.morere.eu\/?page_id=1972","url":"http:\/\/www.brasil.morere.eu\/?page_id=1972","name":"Para ler o blog em portugues (o outro idioma) - Visita de trabalho ao Brasil ;-)","isPartOf":{"@id":"http:\/\/www.brasil.morere.eu\/#website"},"datePublished":"2022-12-02T17:22:58+00:00","dateModified":"2023-04-24T16:54:23+00:00","breadcrumb":{"@id":"http:\/\/www.brasil.morere.eu\/?page_id=1972#breadcrumb"},"inLanguage":"fr-FR","potentialAction":[{"@type":"ReadAction","target":["http:\/\/www.brasil.morere.eu\/?page_id=1972"]}]},{"@type":"BreadcrumbList","@id":"http:\/\/www.brasil.morere.eu\/?page_id=1972#breadcrumb","itemListElement":[{"@type":"ListItem","position":1,"name":"Accueil","item":"http:\/\/www.brasil.morere.eu\/"},{"@type":"ListItem","position":2,"name":"Para ler o blog em portugues (o outro idioma)"}]},{"@type":"WebSite","@id":"http:\/\/www.brasil.morere.eu\/#website","url":"http:\/\/www.brasil.morere.eu\/","name":"Visita de trabalho ao Brasil ;-)","description":"Visita de trabalho ao Brasil, UFU, Uberl\u00e2ndia","publisher":{"@id":"http:\/\/www.brasil.morere.eu\/#\/schema\/person\/bbc8701c40f53efc704a0d09830d5c5d"},"potentialAction":[{"@type":"SearchAction","target":{"@type":"EntryPoint","urlTemplate":"http:\/\/www.brasil.morere.eu\/?s={search_term_string}"},"query-input":{"@type":"PropertyValueSpecification","valueRequired":true,"valueName":"search_term_string"}}],"inLanguage":"fr-FR"},{"@type":["Person","Organization"],"@id":"http:\/\/www.brasil.morere.eu\/#\/schema\/person\/bbc8701c40f53efc704a0d09830d5c5d","name":"yann","image":{"@type":"ImageObject","inLanguage":"fr-FR","@id":"http:\/\/www.brasil.morere.eu\/#\/schema\/person\/image\/","url":"http:\/\/www.brasil.morere.eu\/wp-content\/uploads\/2021\/12\/yannSpain.jpg","contentUrl":"http:\/\/www.brasil.morere.eu\/wp-content\/uploads\/2021\/12\/yannSpain.jpg","width":240,"height":265,"caption":"yann"},"logo":{"@id":"http:\/\/www.brasil.morere.eu\/#\/schema\/person\/image\/"},"sameAs":["http:\/\/www.morere.eu"]}]}},"_links":{"self":[{"href":"http:\/\/www.brasil.morere.eu\/index.php?rest_route=\/wp\/v2\/pages\/1972","targetHints":{"allow":["GET"]}}],"collection":[{"href":"http:\/\/www.brasil.morere.eu\/index.php?rest_route=\/wp\/v2\/pages"}],"about":[{"href":"http:\/\/www.brasil.morere.eu\/index.php?rest_route=\/wp\/v2\/types\/page"}],"author":[{"embeddable":true,"href":"http:\/\/www.brasil.morere.eu\/index.php?rest_route=\/wp\/v2\/users\/1"}],"replies":[{"embeddable":true,"href":"http:\/\/www.brasil.morere.eu\/index.php?rest_route=%2Fwp%2Fv2%2Fcomments&post=1972"}],"version-history":[{"count":5,"href":"http:\/\/www.brasil.morere.eu\/index.php?rest_route=\/wp\/v2\/pages\/1972\/revisions"}],"predecessor-version":[{"id":2244,"href":"http:\/\/www.brasil.morere.eu\/index.php?rest_route=\/wp\/v2\/pages\/1972\/revisions\/2244"}],"wp:attachment":[{"href":"http:\/\/www.brasil.morere.eu\/index.php?rest_route=%2Fwp%2Fv2%2Fmedia&parent=1972"}],"curies":[{"name":"wp","href":"https:\/\/api.w.org\/{rel}","templated":true}]}}